{"id":16,"date":"2018-02-12T14:03:45","date_gmt":"2018-02-12T17:03:45","guid":{"rendered":"http:\/\/ozono.local\/?page_id=16"},"modified":"2020-04-15T13:14:16","modified_gmt":"2020-04-15T16:14:16","slug":"about","status":"publish","type":"page","link":"https:\/\/www.ilusziona.com\/es\/about\/","title":{"rendered":"Nosotros"},"content":{"rendered":"<h1>Somos Ilusziona audiovisual.<\/h1>\n<h4>Una productora dedicada integramente a la creatividad audiovisual de alta calidad.<\/h4>\n<h4>Integrado por un excelente equipo de profesionales con el \u00fanico objetivo de realizar productos audiovisuales con una est\u00e9tica \u00fanica, elegante y de gran impacto.<\/h4>\n<p>Nuestra creatividad, exigencia, inquietud por la innovaci\u00f3n y la permanente formaci\u00f3n hace de ilusziona una empresa de producci\u00f3n audiovisual de alto reconocimiento.\u00a0<\/p>\n<h1>","protected":false},"excerpt":{"rendered":"<p>Somos Ilusziona audiovisual. Una productora dedicada integramente a la creatividad audiovisual de alta calidad. Integrado por un excelente equipo de profesionales con el \u00fanico objetivo de realizar productos audiovisuales con una est\u00e9tica \u00fanica, elegante y de gran impacto. Nuestra creatividad, exigencia, inquietud por la innovaci\u00f3n y la permanente formaci\u00f3n hace de ilusziona una empresa de [&hellip;]<\/p>\n","protected":false},"author":1,"featured_media":0,"parent":0,"menu_order":0,"comment_status":"closed","ping_status":"closed","template":"about.php","meta":{"_acf_changed":false,"footnotes":""},"acf":[],"yoast_head":"<!-- This site is optimized with the Yoast SEO plugin v22.2 - https:\/\/yoast.com\/wordpress\/plugins\/seo\/ -->\n<title>Empresa v\u00eddeos corporativos Madrid Espa\u00f1a | ilusziona<\/title>\n<meta name=\"description\" content=\"Productora audiovisual v\u00eddeos empresas Espa\u00f1a Grabaciones de eventos Empresa comunicaci\u00f3n Edici\u00f3n de v\u00eddeos ilusziona Pablo Grubsztein v\u00eddeo corporativo\" \/>\n<meta name=\"robots\" content=\"index, follow, max-snippet:-1, max-image-preview:large, max-video-preview:-1\" \/>\n<link rel=\"canonical\" href=\"https:\/\/www.ilusziona.com\/es\/about\/\" \/>\n<meta property=\"og:locale\" content=\"es_ES\" \/>\n<meta property=\"og:type\" content=\"article\" \/>\n<meta property=\"og:title\" content=\"Empresa v\u00eddeos corporativos Madrid Espa\u00f1a | ilusziona\" \/>\n<meta property=\"og:description\" content=\"Productora audiovisual v\u00eddeos empresas Espa\u00f1a Grabaciones de eventos Empresa comunicaci\u00f3n Edici\u00f3n de v\u00eddeos ilusziona Pablo Grubsztein v\u00eddeo corporativo\" \/>\n<meta property=\"og:url\" content=\"https:\/\/www.ilusziona.com\/es\/about\/\" \/>\n<meta property=\"og:site_name\" content=\"Empresa de audiovisuales Madrid - grabaci\u00f3n y edici\u00f3n v\u00eddeos corporativos y de eventos\" \/>\n<meta property=\"article:modified_time\" content=\"2020-04-15T16:14:16+00:00\" \/>\n<meta name=\"twitter:card\" content=\"summary_large_image\" \/>\n<meta name=\"twitter:label1\" content=\"Tiempo de lectura\" \/>\n\t<meta name=\"twitter:data1\" content=\"1 minuto\" \/>\n<script type=\"application\/ld+json\" class=\"yoast-schema-graph\">{\"@context\":\"https:\/\/schema.org\",\"@graph\":[{\"@type\":\"WebPage\",\"@id\":\"https:\/\/www.ilusziona.com\/es\/about\/\",\"url\":\"https:\/\/www.ilusziona.com\/es\/about\/\",\"name\":\"Empresa v\u00eddeos corporativos Madrid Espa\u00f1a | ilusziona\",\"isPartOf\":{\"@id\":\"https:\/\/www.ilusziona.com\/es\/#website\"},\"datePublished\":\"2018-02-12T17:03:45+00:00\",\"dateModified\":\"2020-04-15T16:14:16+00:00\",\"description\":\"Productora audiovisual v\u00eddeos empresas Espa\u00f1a Grabaciones de eventos Empresa comunicaci\u00f3n Edici\u00f3n de v\u00eddeos ilusziona Pablo Grubsztein v\u00eddeo corporativo\",\"breadcrumb\":{\"@id\":\"https:\/\/www.ilusziona.com\/es\/about\/#breadcrumb\"},\"inLanguage\":\"es\",\"potentialAction\":[{\"@type\":\"ReadAction\",\"target\":[\"https:\/\/www.ilusziona.com\/es\/about\/\"]}]},{\"@type\":\"BreadcrumbList\",\"@id\":\"https:\/\/www.ilusziona.com\/es\/about\/#breadcrumb\",\"itemListElement\":[{\"@type\":\"ListItem\",\"position\":1,\"name\":\"Home\",\"item\":\"https:\/\/www.ilusziona.com\/es\/\"},{\"@type\":\"ListItem\",\"position\":2,\"name\":\"Nosotros\"}]},{\"@type\":\"WebSite\",\"@id\":\"https:\/\/www.ilusziona.com\/es\/#website\",\"url\":\"https:\/\/www.ilusziona.com\/es\/\",\"name\":\"Empresa de audiovisuales Madrid - grabaci\u00f3n y edici\u00f3n v\u00eddeos corporativos y de eventos\",\"description\":\"Productora audiovisual especializada en la realizaci\u00f3n de v\u00eddeos corporativos, institucionales, de eventos y spots web.\",\"potentialAction\":[{\"@type\":\"SearchAction\",\"target\":{\"@type\":\"EntryPoint\",\"urlTemplate\":\"https:\/\/www.ilusziona.com\/es\/?s={search_term_string}\"},\"query-input\":\"required name=search_term_string\"}],\"inLanguage\":\"es\"}]}<\/script>\n<!-- \/ Yoast SEO plugin. -->","yoast_head_json":{"title":"Empresa v\u00eddeos corporativos Madrid Espa\u00f1a | ilusziona","description":"Productora audiovisual v\u00eddeos empresas Espa\u00f1a Grabaciones de eventos Empresa comunicaci\u00f3n Edici\u00f3n de v\u00eddeos ilusziona Pablo Grubsztein v\u00eddeo corporativo","robots":{"index":"index","follow":"follow","max-snippet":"max-snippet:-1","max-image-preview":"max-image-preview:large","max-video-preview":"max-video-preview:-1"},"canonical":"https:\/\/www.ilusziona.com\/es\/about\/","og_locale":"es_ES","og_type":"article","og_title":"Empresa v\u00eddeos corporativos Madrid Espa\u00f1a | ilusziona","og_description":"Productora audiovisual v\u00eddeos empresas Espa\u00f1a Grabaciones de eventos Empresa comunicaci\u00f3n Edici\u00f3n de v\u00eddeos ilusziona Pablo Grubsztein v\u00eddeo corporativo","og_url":"https:\/\/www.ilusziona.com\/es\/about\/","og_site_name":"Empresa de audiovisuales Madrid - grabaci\u00f3n y edici\u00f3n v\u00eddeos corporativos y de eventos","article_modified_time":"2020-04-15T16:14:16+00:00","twitter_card":"summary_large_image","twitter_misc":{"Tiempo de lectura":"1 minuto"},"schema":{"@context":"https:\/\/schema.org","@graph":[{"@type":"WebPage","@id":"https:\/\/www.ilusziona.com\/es\/about\/","url":"https:\/\/www.ilusziona.com\/es\/about\/","name":"Empresa v\u00eddeos corporativos Madrid Espa\u00f1a | ilusziona","isPartOf":{"@id":"https:\/\/www.ilusziona.com\/es\/#website"},"datePublished":"2018-02-12T17:03:45+00:00","dateModified":"2020-04-15T16:14:16+00:00","description":"Productora audiovisual v\u00eddeos empresas Espa\u00f1a Grabaciones de eventos Empresa comunicaci\u00f3n Edici\u00f3n de v\u00eddeos ilusziona Pablo Grubsztein v\u00eddeo corporativo","breadcrumb":{"@id":"https:\/\/www.ilusziona.com\/es\/about\/#breadcrumb"},"inLanguage":"es","potentialAction":[{"@type":"ReadAction","target":["https:\/\/www.ilusziona.com\/es\/about\/"]}]},{"@type":"BreadcrumbList","@id":"https:\/\/www.ilusziona.com\/es\/about\/#breadcrumb","itemListElement":[{"@type":"ListItem","position":1,"name":"Home","item":"https:\/\/www.ilusziona.com\/es\/"},{"@type":"ListItem","position":2,"name":"Nosotros"}]},{"@type":"WebSite","@id":"https:\/\/www.ilusziona.com\/es\/#website","url":"https:\/\/www.ilusziona.com\/es\/","name":"Empresa de audiovisuales Madrid - grabaci\u00f3n y edici\u00f3n v\u00eddeos corporativos y de eventos","description":"Productora audiovisual especializada en la realizaci\u00f3n de v\u00eddeos corporativos, institucionales, de eventos y spots web.","potentialAction":[{"@type":"SearchAction","target":{"@type":"EntryPoint","urlTemplate":"https:\/\/www.ilusziona.com\/es\/?s={search_term_string}"},"query-input":"required name=search_term_string"}],"inLanguage":"es"}]}},"_links":{"self":[{"href":"https:\/\/www.ilusziona.com\/es\/wp-json\/wp\/v2\/pages\/16"}],"collection":[{"href":"https:\/\/www.ilusziona.com\/es\/wp-json\/wp\/v2\/pages"}],"about":[{"href":"https:\/\/www.ilusziona.com\/es\/wp-json\/wp\/v2\/types\/page"}],"author":[{"embeddable":true,"href":"https:\/\/www.ilusziona.com\/es\/wp-json\/wp\/v2\/users\/1"}],"replies":[{"embeddable":true,"href":"https:\/\/www.ilusziona.com\/es\/wp-json\/wp\/v2\/comments?post=16"}],"version-history":[{"count":84,"href":"https:\/\/www.ilusziona.com\/es\/wp-json\/wp\/v2\/pages\/16\/revisions"}],"predecessor-version":[{"id":1109,"href":"https:\/\/www.ilusziona.com\/es\/wp-json\/wp\/v2\/pages\/16\/revisions\/1109"}],"wp:attachment":[{"href":"https:\/\/www.ilusziona.com\/es\/wp-json\/wp\/v2\/media?parent=16"}],"curies":[{"name":"wp","href":"https:\/\/api.w.org\/{rel}","templated":true}]}}