{"id":4,"date":"2018-02-12T13:58:27","date_gmt":"2018-02-12T16:58:27","guid":{"rendered":"http:\/\/ozono.local\/?page_id=4"},"modified":"2020-05-14T10:47:34","modified_gmt":"2020-05-14T13:47:34","slug":"contact","status":"publish","type":"page","link":"https:\/\/www.ilusziona.com\/es\/contact\/","title":{"rendered":"Contacto"},"content":{"rendered":"<p><strong>\u00a1Nos encanta la creatividad!<\/strong><br \/>\u00bfTienes un proyecto, una idea o una colaboraci\u00f3n en mente?<\/p>\r\n<p>Bien. Hag\u00e1moslo: \u00a1S\u00f3lo escr\u00edbenos y prep\u00e1rate para la creatividad!<\/p>\r\n<p><strong>","protected":false},"excerpt":{"rendered":"<p>\u00a1Nos encanta la creatividad!\u00bfTienes un proyecto, una idea o una colaboraci\u00f3n en mente? Bien. Hag\u00e1moslo: \u00a1S\u00f3lo escr\u00edbenos y prep\u00e1rate para la creatividad!<\/p>\n","protected":false},"author":1,"featured_media":0,"parent":0,"menu_order":0,"comment_status":"closed","ping_status":"closed","template":"contact.php","meta":{"_acf_changed":false,"footnotes":""},"acf":[],"yoast_head":"<!-- This site is optimized with the Yoast SEO plugin v22.2 - https:\/\/yoast.com\/wordpress\/plugins\/seo\/ -->\n<title>ilusziona | Productora audiovisual Espa\u00f1a | V\u00eddeos corporativos<\/title>\n<meta name=\"description\" content=\"Productora audiovisual Espa\u00f1a. V\u00eddeo corporativo. Grabaciones de eventos. Empresa comunicaci\u00f3n. V\u00eddeo de empresa y Edici\u00f3n de v\u00eddeos\" \/>\n<meta name=\"robots\" content=\"index, follow, max-snippet:-1, max-image-preview:large, max-video-preview:-1\" \/>\n<link rel=\"canonical\" href=\"https:\/\/www.ilusziona.com\/contact\/\" \/>\n<meta property=\"og:locale\" content=\"es_ES\" \/>\n<meta property=\"og:type\" content=\"article\" \/>\n<meta property=\"og:title\" content=\"ilusziona | Productora audiovisual Espa\u00f1a | V\u00eddeos corporativos\" \/>\n<meta property=\"og:description\" content=\"Productora audiovisual Espa\u00f1a. V\u00eddeo corporativo. Grabaciones de eventos. Empresa comunicaci\u00f3n. V\u00eddeo de empresa y Edici\u00f3n de v\u00eddeos\" \/>\n<meta property=\"og:url\" content=\"https:\/\/www.ilusziona.com\/contact\/\" \/>\n<meta property=\"og:site_name\" content=\"Empresa de audiovisuales Madrid - grabaci\u00f3n y edici\u00f3n v\u00eddeos corporativos y de eventos\" \/>\n<meta property=\"article:modified_time\" content=\"2020-05-14T13:47:34+00:00\" \/>\n<meta property=\"og:image\" content=\"https:\/\/www.zaask.es\/undefined\" \/>\n<meta name=\"twitter:card\" content=\"summary_large_image\" \/>\n<script type=\"application\/ld+json\" class=\"yoast-schema-graph\">{\"@context\":\"https:\/\/schema.org\",\"@graph\":[{\"@type\":\"WebPage\",\"@id\":\"https:\/\/www.ilusziona.com\/contact\/\",\"url\":\"https:\/\/www.ilusziona.com\/contact\/\",\"name\":\"ilusziona | Productora audiovisual Espa\u00f1a | V\u00eddeos corporativos\",\"isPartOf\":{\"@id\":\"https:\/\/www.ilusziona.com\/es\/#website\"},\"primaryImageOfPage\":{\"@id\":\"https:\/\/www.ilusziona.com\/contact\/#primaryimage\"},\"image\":{\"@id\":\"https:\/\/www.ilusziona.com\/contact\/#primaryimage\"},\"thumbnailUrl\":\"https:\/\/www.zaask.es\/undefined\",\"datePublished\":\"2018-02-12T16:58:27+00:00\",\"dateModified\":\"2020-05-14T13:47:34+00:00\",\"description\":\"Productora audiovisual Espa\u00f1a. V\u00eddeo corporativo. Grabaciones de eventos. Empresa comunicaci\u00f3n. V\u00eddeo de empresa y Edici\u00f3n de v\u00eddeos\",\"breadcrumb\":{\"@id\":\"https:\/\/www.ilusziona.com\/contact\/#breadcrumb\"},\"inLanguage\":\"es\",\"potentialAction\":[{\"@type\":\"ReadAction\",\"target\":[\"https:\/\/www.ilusziona.com\/contact\/\"]}]},{\"@type\":\"ImageObject\",\"inLanguage\":\"es\",\"@id\":\"https:\/\/www.ilusziona.com\/contact\/#primaryimage\",\"url\":\"https:\/\/www.zaask.es\/undefined\",\"contentUrl\":\"https:\/\/www.zaask.es\/undefined\"},{\"@type\":\"BreadcrumbList\",\"@id\":\"https:\/\/www.ilusziona.com\/contact\/#breadcrumb\",\"itemListElement\":[{\"@type\":\"ListItem\",\"position\":1,\"name\":\"Home\",\"item\":\"https:\/\/www.ilusziona.com\/es\/\"},{\"@type\":\"ListItem\",\"position\":2,\"name\":\"Contact\"}]},{\"@type\":\"WebSite\",\"@id\":\"https:\/\/www.ilusziona.com\/es\/#website\",\"url\":\"https:\/\/www.ilusziona.com\/es\/\",\"name\":\"Empresa de audiovisuales Madrid - grabaci\u00f3n y edici\u00f3n v\u00eddeos corporativos y de eventos\",\"description\":\"Productora audiovisual especializada en la realizaci\u00f3n de v\u00eddeos corporativos, institucionales, de eventos y spots web.\",\"potentialAction\":[{\"@type\":\"SearchAction\",\"target\":{\"@type\":\"EntryPoint\",\"urlTemplate\":\"https:\/\/www.ilusziona.com\/es\/?s={search_term_string}\"},\"query-input\":\"required name=search_term_string\"}],\"inLanguage\":\"es\"}]}<\/script>\n<!-- \/ Yoast SEO plugin. -->","yoast_head_json":{"title":"ilusziona | Productora audiovisual Espa\u00f1a | V\u00eddeos corporativos","description":"Productora audiovisual Espa\u00f1a. V\u00eddeo corporativo. Grabaciones de eventos. Empresa comunicaci\u00f3n. V\u00eddeo de empresa y Edici\u00f3n de v\u00eddeos","robots":{"index":"index","follow":"follow","max-snippet":"max-snippet:-1","max-image-preview":"max-image-preview:large","max-video-preview":"max-video-preview:-1"},"canonical":"https:\/\/www.ilusziona.com\/contact\/","og_locale":"es_ES","og_type":"article","og_title":"ilusziona | Productora audiovisual Espa\u00f1a | V\u00eddeos corporativos","og_description":"Productora audiovisual Espa\u00f1a. V\u00eddeo corporativo. Grabaciones de eventos. Empresa comunicaci\u00f3n. V\u00eddeo de empresa y Edici\u00f3n de v\u00eddeos","og_url":"https:\/\/www.ilusziona.com\/contact\/","og_site_name":"Empresa de audiovisuales Madrid - grabaci\u00f3n y edici\u00f3n v\u00eddeos corporativos y de eventos","article_modified_time":"2020-05-14T13:47:34+00:00","og_image":[{"url":"https:\/\/www.zaask.es\/undefined"}],"twitter_card":"summary_large_image","schema":{"@context":"https:\/\/schema.org","@graph":[{"@type":"WebPage","@id":"https:\/\/www.ilusziona.com\/contact\/","url":"https:\/\/www.ilusziona.com\/contact\/","name":"ilusziona | Productora audiovisual Espa\u00f1a | V\u00eddeos corporativos","isPartOf":{"@id":"https:\/\/www.ilusziona.com\/es\/#website"},"primaryImageOfPage":{"@id":"https:\/\/www.ilusziona.com\/contact\/#primaryimage"},"image":{"@id":"https:\/\/www.ilusziona.com\/contact\/#primaryimage"},"thumbnailUrl":"https:\/\/www.zaask.es\/undefined","datePublished":"2018-02-12T16:58:27+00:00","dateModified":"2020-05-14T13:47:34+00:00","description":"Productora audiovisual Espa\u00f1a. V\u00eddeo corporativo. Grabaciones de eventos. Empresa comunicaci\u00f3n. V\u00eddeo de empresa y Edici\u00f3n de v\u00eddeos","breadcrumb":{"@id":"https:\/\/www.ilusziona.com\/contact\/#breadcrumb"},"inLanguage":"es","potentialAction":[{"@type":"ReadAction","target":["https:\/\/www.ilusziona.com\/contact\/"]}]},{"@type":"ImageObject","inLanguage":"es","@id":"https:\/\/www.ilusziona.com\/contact\/#primaryimage","url":"https:\/\/www.zaask.es\/undefined","contentUrl":"https:\/\/www.zaask.es\/undefined"},{"@type":"BreadcrumbList","@id":"https:\/\/www.ilusziona.com\/contact\/#breadcrumb","itemListElement":[{"@type":"ListItem","position":1,"name":"Home","item":"https:\/\/www.ilusziona.com\/es\/"},{"@type":"ListItem","position":2,"name":"Contact"}]},{"@type":"WebSite","@id":"https:\/\/www.ilusziona.com\/es\/#website","url":"https:\/\/www.ilusziona.com\/es\/","name":"Empresa de audiovisuales Madrid - grabaci\u00f3n y edici\u00f3n v\u00eddeos corporativos y de eventos","description":"Productora audiovisual especializada en la realizaci\u00f3n de v\u00eddeos corporativos, institucionales, de eventos y spots web.","potentialAction":[{"@type":"SearchAction","target":{"@type":"EntryPoint","urlTemplate":"https:\/\/www.ilusziona.com\/es\/?s={search_term_string}"},"query-input":"required name=search_term_string"}],"inLanguage":"es"}]}},"_links":{"self":[{"href":"https:\/\/www.ilusziona.com\/es\/wp-json\/wp\/v2\/pages\/4"}],"collection":[{"href":"https:\/\/www.ilusziona.com\/es\/wp-json\/wp\/v2\/pages"}],"about":[{"href":"https:\/\/www.ilusziona.com\/es\/wp-json\/wp\/v2\/types\/page"}],"author":[{"embeddable":true,"href":"https:\/\/www.ilusziona.com\/es\/wp-json\/wp\/v2\/users\/1"}],"replies":[{"embeddable":true,"href":"https:\/\/www.ilusziona.com\/es\/wp-json\/wp\/v2\/comments?post=4"}],"version-history":[{"count":131,"href":"https:\/\/www.ilusziona.com\/es\/wp-json\/wp\/v2\/pages\/4\/revisions"}],"predecessor-version":[{"id":1176,"href":"https:\/\/www.ilusziona.com\/es\/wp-json\/wp\/v2\/pages\/4\/revisions\/1176"}],"wp:attachment":[{"href":"https:\/\/www.ilusziona.com\/es\/wp-json\/wp\/v2\/media?parent=4"}],"curies":[{"name":"wp","href":"https:\/\/api.w.org\/{rel}","templated":true}]}}