{"id":16,"date":"2018-02-12T14:03:45","date_gmt":"2018-02-12T17:03:45","guid":{"rendered":"http:\/\/ozono.local\/?page_id=16"},"modified":"2020-04-15T13:14:16","modified_gmt":"2020-04-15T16:14:16","slug":"about","status":"publish","type":"page","link":"https:\/\/www.ilusziona.com\/ja\/about\/","title":{"rendered":"\u5f0a\u793e\u306b\u3064\u3044\u3066 \u3002"},"content":{"rendered":"<h1>\u308f\u305f\u3057\u305f\u3061\u306f\u30a4\u30eb\u30b7\u30aa\u30fc\u30ca\u30fb\u30aa\u30fc\u30c7\u30a3\u30aa\u30d3\u30b8\u30e5\u30a2\u30eb\u3067\u3059\u3002<\/h1>\n<h4>\u308f\u305f\u3057\u305f\u3061\u306f\u5e38\u306b\u512a\u96c5\u3067\u30a4\u30f3\u30d1\u30af\u30c8\u306e\u3042\u308b\u6620\u50cf\u4f5c\u54c1\u3092\u76ee\u6307\u3057\u3001<br \/>\u30d7\u30ed\u30d5\u30a7\u30c3\u30b7\u30e7\u30ca\u30eb\u306a\u30b9\u30bf\u30c3\u30d5\u3068\u3068\u3082\u306b<br \/>\u30af\u30aa\u30ea\u30c6\u30a3\u306e\u9ad8\u3044\u6620\u50cf\u5236\u4f5c\u30b5\u30fc\u30d3\u30b9\u3092\u63d0\u4f9b\u3059\u308b\u30d7\u30ed\u30c0\u30af\u30b7\u30e7\u30f3\u3067\u3059\u3002<\/h4>\n<p>\u30af\u30ea\u30a8\u30a4\u30c6\u30a3\u30d3\u30c6\u30a3\u3068\u9867\u5ba2\u6e80\u8db3\u5ea6\u3001\u65b0\u3057\u3044\u6280\u8853\u3078\u306e\u5411\u4e0a\u5fc3\u3001\u305d\u3057\u3066\u5b9f\u7e3e\u3068\u7d4c\u9a13\u8c4a\u304b\u306a\u30b9\u30bf\u30c3\u30d5\u306b\u3088\u308a\u30a4\u30eb\u30b7\u30aa\u30fc\u30ca\u306f\u304a\u5ba2\u69d8\u304b\u3089\u9ad8\u3044\u4fe1\u983c\u3092\u3044\u305f\u3060\u3044\u3066\u304a\u308a\u307e\u3059\u3002<\/p>","protected":false},"excerpt":{"rendered":"<p>\u308f\u305f\u3057\u305f\u3061\u306f\u30a4\u30eb\u30b7\u30aa\u30fc\u30ca\u30fb\u30aa\u30fc\u30c7\u30a3\u30aa\u30d3\u30b8\u30e5\u30a2\u30eb\u3067\u3059\u3002 \u308f\u305f\u3057\u305f\u3061\u306f\u5e38\u306b\u512a\u96c5\u3067\u30a4\u30f3\u30d1\u30af\u30c8\u306e\u3042\u308b\u6620\u50cf\u4f5c\u54c1\u3092\u76ee\u6307\u3057\u3001\u30d7\u30ed\u30d5\u30a7\u30c3\u30b7\u30e7\u30ca\u30eb\u306a\u30b9\u30bf\u30c3\u30d5\u3068\u3068\u3082\u306b\u30af\u30aa\u30ea\u30c6\u30a3\u306e\u9ad8\u3044\u6620\u50cf\u5236\u4f5c\u30b5\u30fc\u30d3\u30b9\u3092\u63d0\u4f9b\u3059\u308b\u30d7\u30ed\u30c0\u30af\u30b7\u30e7\u30f3\u3067\u3059\u3002 \u30af\u30ea\u30a8\u30a4\u30c6 [&hellip;]<\/p>\n","protected":false},"author":1,"featured_media":0,"parent":0,"menu_order":0,"comment_status":"closed","ping_status":"closed","template":"about.php","meta":{"_acf_changed":false,"footnotes":""},"acf":[],"yoast_head":"<!-- This site is optimized with the Yoast SEO plugin v22.2 - https:\/\/yoast.com\/wordpress\/plugins\/seo\/ -->\n<title>Empresa v\u00eddeos corporativos Madrid Espa\u00f1a | ilusziona<\/title>\n<meta name=\"description\" content=\"Productora audiovisual v\u00eddeos empresas Espa\u00f1a Grabaciones de eventos Empresa comunicaci\u00f3n Edici\u00f3n de v\u00eddeos ilusziona Pablo Grubsztein v\u00eddeo corporativo\" \/>\n<meta name=\"robots\" content=\"index, follow, max-snippet:-1, max-image-preview:large, max-video-preview:-1\" \/>\n<link rel=\"canonical\" href=\"https:\/\/www.ilusziona.com\/es\/about\/\" \/>\n<meta property=\"og:locale\" content=\"ja_JP\" \/>\n<meta property=\"og:type\" content=\"article\" \/>\n<meta property=\"og:title\" content=\"Empresa v\u00eddeos corporativos Madrid Espa\u00f1a | ilusziona\" \/>\n<meta property=\"og:description\" content=\"Productora audiovisual v\u00eddeos empresas Espa\u00f1a Grabaciones de eventos Empresa comunicaci\u00f3n Edici\u00f3n de v\u00eddeos ilusziona Pablo Grubsztein v\u00eddeo corporativo\" \/>\n<meta property=\"og:url\" content=\"https:\/\/www.ilusziona.com\/es\/about\/\" \/>\n<meta property=\"og:site_name\" content=\"Empresa de audiovisuales Madrid - grabaci\u00f3n y edici\u00f3n v\u00eddeos corporativos y de eventos\" \/>\n<meta property=\"article:modified_time\" content=\"2020-04-15T16:14:16+00:00\" \/>\n<meta name=\"twitter:card\" content=\"summary_large_image\" \/>\n<meta name=\"twitter:label1\" content=\"\u63a8\u5b9a\u8aad\u307f\u53d6\u308a\u6642\u9593\" \/>\n\t<meta name=\"twitter:data1\" content=\"1\u5206\" \/>\n<script type=\"application\/ld+json\" class=\"yoast-schema-graph\">{\"@context\":\"https:\/\/schema.org\",\"@graph\":[{\"@type\":\"WebPage\",\"@id\":\"https:\/\/www.ilusziona.com\/es\/about\/\",\"url\":\"https:\/\/www.ilusziona.com\/es\/about\/\",\"name\":\"Empresa v\u00eddeos corporativos Madrid Espa\u00f1a | ilusziona\",\"isPartOf\":{\"@id\":\"https:\/\/www.ilusziona.com\/es\/#website\"},\"datePublished\":\"2018-02-12T17:03:45+00:00\",\"dateModified\":\"2020-04-15T16:14:16+00:00\",\"description\":\"Productora audiovisual v\u00eddeos empresas Espa\u00f1a Grabaciones de eventos Empresa comunicaci\u00f3n Edici\u00f3n de v\u00eddeos ilusziona Pablo Grubsztein v\u00eddeo corporativo\",\"breadcrumb\":{\"@id\":\"https:\/\/www.ilusziona.com\/es\/about\/#breadcrumb\"},\"inLanguage\":\"ja\",\"potentialAction\":[{\"@type\":\"ReadAction\",\"target\":[\"https:\/\/www.ilusziona.com\/es\/about\/\"]}]},{\"@type\":\"BreadcrumbList\",\"@id\":\"https:\/\/www.ilusziona.com\/es\/about\/#breadcrumb\",\"itemListElement\":[{\"@type\":\"ListItem\",\"position\":1,\"name\":\"Home\",\"item\":\"https:\/\/www.ilusziona.com\/es\/\"},{\"@type\":\"ListItem\",\"position\":2,\"name\":\"Nosotros\"}]},{\"@type\":\"WebSite\",\"@id\":\"https:\/\/www.ilusziona.com\/es\/#website\",\"url\":\"https:\/\/www.ilusziona.com\/es\/\",\"name\":\"Empresa de audiovisuales Madrid - grabaci\u00f3n y edici\u00f3n v\u00eddeos corporativos y de eventos\",\"description\":\"Productora audiovisual especializada en la realizaci\u00f3n de v\u00eddeos corporativos, institucionales, de eventos y spots web.\",\"potentialAction\":[{\"@type\":\"SearchAction\",\"target\":{\"@type\":\"EntryPoint\",\"urlTemplate\":\"https:\/\/www.ilusziona.com\/es\/?s={search_term_string}\"},\"query-input\":\"required name=search_term_string\"}],\"inLanguage\":\"ja\"}]}<\/script>\n<!-- \/ Yoast SEO plugin. -->","yoast_head_json":{"title":"Empresa v\u00eddeos corporativos Madrid Espa\u00f1a | ilusziona","description":"Productora audiovisual v\u00eddeos empresas Espa\u00f1a Grabaciones de eventos Empresa comunicaci\u00f3n Edici\u00f3n de v\u00eddeos ilusziona Pablo Grubsztein v\u00eddeo corporativo","robots":{"index":"index","follow":"follow","max-snippet":"max-snippet:-1","max-image-preview":"max-image-preview:large","max-video-preview":"max-video-preview:-1"},"canonical":"https:\/\/www.ilusziona.com\/es\/about\/","og_locale":"ja_JP","og_type":"article","og_title":"Empresa v\u00eddeos corporativos Madrid Espa\u00f1a | ilusziona","og_description":"Productora audiovisual v\u00eddeos empresas Espa\u00f1a Grabaciones de eventos Empresa comunicaci\u00f3n Edici\u00f3n de v\u00eddeos ilusziona Pablo Grubsztein v\u00eddeo corporativo","og_url":"https:\/\/www.ilusziona.com\/es\/about\/","og_site_name":"Empresa de audiovisuales Madrid - grabaci\u00f3n y edici\u00f3n v\u00eddeos corporativos y de eventos","article_modified_time":"2020-04-15T16:14:16+00:00","twitter_card":"summary_large_image","twitter_misc":{"\u63a8\u5b9a\u8aad\u307f\u53d6\u308a\u6642\u9593":"1\u5206"},"schema":{"@context":"https:\/\/schema.org","@graph":[{"@type":"WebPage","@id":"https:\/\/www.ilusziona.com\/es\/about\/","url":"https:\/\/www.ilusziona.com\/es\/about\/","name":"Empresa v\u00eddeos corporativos Madrid Espa\u00f1a | ilusziona","isPartOf":{"@id":"https:\/\/www.ilusziona.com\/es\/#website"},"datePublished":"2018-02-12T17:03:45+00:00","dateModified":"2020-04-15T16:14:16+00:00","description":"Productora audiovisual v\u00eddeos empresas Espa\u00f1a Grabaciones de eventos Empresa comunicaci\u00f3n Edici\u00f3n de v\u00eddeos ilusziona Pablo Grubsztein v\u00eddeo corporativo","breadcrumb":{"@id":"https:\/\/www.ilusziona.com\/es\/about\/#breadcrumb"},"inLanguage":"ja","potentialAction":[{"@type":"ReadAction","target":["https:\/\/www.ilusziona.com\/es\/about\/"]}]},{"@type":"BreadcrumbList","@id":"https:\/\/www.ilusziona.com\/es\/about\/#breadcrumb","itemListElement":[{"@type":"ListItem","position":1,"name":"Home","item":"https:\/\/www.ilusziona.com\/es\/"},{"@type":"ListItem","position":2,"name":"Nosotros"}]},{"@type":"WebSite","@id":"https:\/\/www.ilusziona.com\/es\/#website","url":"https:\/\/www.ilusziona.com\/es\/","name":"Empresa de audiovisuales Madrid - grabaci\u00f3n y edici\u00f3n v\u00eddeos corporativos y de eventos","description":"Productora audiovisual especializada en la realizaci\u00f3n de v\u00eddeos corporativos, institucionales, de eventos y spots web.","potentialAction":[{"@type":"SearchAction","target":{"@type":"EntryPoint","urlTemplate":"https:\/\/www.ilusziona.com\/es\/?s={search_term_string}"},"query-input":"required name=search_term_string"}],"inLanguage":"ja"}]}},"_links":{"self":[{"href":"https:\/\/www.ilusziona.com\/ja\/wp-json\/wp\/v2\/pages\/16"}],"collection":[{"href":"https:\/\/www.ilusziona.com\/ja\/wp-json\/wp\/v2\/pages"}],"about":[{"href":"https:\/\/www.ilusziona.com\/ja\/wp-json\/wp\/v2\/types\/page"}],"author":[{"embeddable":true,"href":"https:\/\/www.ilusziona.com\/ja\/wp-json\/wp\/v2\/users\/1"}],"replies":[{"embeddable":true,"href":"https:\/\/www.ilusziona.com\/ja\/wp-json\/wp\/v2\/comments?post=16"}],"version-history":[{"count":84,"href":"https:\/\/www.ilusziona.com\/ja\/wp-json\/wp\/v2\/pages\/16\/revisions"}],"predecessor-version":[{"id":1109,"href":"https:\/\/www.ilusziona.com\/ja\/wp-json\/wp\/v2\/pages\/16\/revisions\/1109"}],"wp:attachment":[{"href":"https:\/\/www.ilusziona.com\/ja\/wp-json\/wp\/v2\/media?parent=16"}],"curies":[{"name":"wp","href":"https:\/\/api.w.org\/{rel}","templated":true}]}}