{"id":4,"date":"2018-02-12T13:58:27","date_gmt":"2018-02-12T16:58:27","guid":{"rendered":"http:\/\/ozono.local\/?page_id=4"},"modified":"2020-05-14T10:47:34","modified_gmt":"2020-05-14T13:47:34","slug":"contact","status":"publish","type":"page","link":"https:\/\/www.ilusziona.com\/ja\/contact\/","title":{"rendered":"\u30b3\u30f3\u30bf\u30af\u30c8"},"content":{"rendered":"<p><strong>\u30af\u30ea\u30a8\u30a4\u30c6\u30a3\u30d6\u306a\u4f5c\u54c1\u3078\u306e\u60c5\u71b1\uff01<\/strong><br \/>\u982d\u306e\u4e2d\u3067\u601d\u3044\u63cf\u3044\u3066\u3044\u308b\u30d7\u30ed\u30b8\u30a7\u30af\u30c8\u3084\u30a2\u30a4\u30c7\u30a3\u30a2\u3001\u30b3\u30e9\u30dc\u4f01\u753b\u304c\u3042\u308a\u307e\u3059\u304b\uff1f<\/p>\r\n<p>\u3082\u3057\u3042\u308b\u306e\u3067\u3042\u308c\u3070\u3001\u305c\u3072\u3084\u308a\u307e\u3057\u3087\u3046\uff01<br \/>\u308f\u305f\u3057\u305f\u3061\u306b\u3054\u76f8\u8ac7\u304f\u3060\u3055\u3044\u3002<br \/>\u4e00\u7dd2\u306b\u30af\u30ea\u30a8\u30a4\u30c6\u30a3\u30d6\u306a\u4f5c\u54c1\u3092\u5275\u308a\u307e\u3057\u3087\u3046\uff01<\/p>\r\n<a target=\"_blank\" href=\"https:\/\/www.zaask.es\/usuario\/ilusziona\" rel=\"noopener noreferrer\"><img decoding=\"async\" src=\"https:\/\/www.zaask.es\/undefined\" alt=\"\" \/><\/a>","protected":false},"excerpt":{"rendered":"<p>\u30af\u30ea\u30a8\u30a4\u30c6\u30a3\u30d6\u306a\u4f5c\u54c1\u3078\u306e\u60c5\u71b1\uff01\u982d\u306e\u4e2d\u3067\u601d\u3044\u63cf\u3044\u3066\u3044\u308b\u30d7\u30ed\u30b8\u30a7\u30af\u30c8\u3084\u30a2\u30a4\u30c7\u30a3\u30a2\u3001\u30b3\u30e9\u30dc\u4f01\u753b\u304c\u3042\u308a\u307e\u3059\u304b\uff1f \u3082\u3057\u3042\u308b\u306e\u3067\u3042\u308c\u3070\u3001\u305c\u3072\u3084\u308a\u307e\u3057\u3087\u3046\uff01\u308f\u305f\u3057\u305f\u3061\u306b\u3054\u76f8\u8ac7\u304f\u3060\u3055\u3044\u3002\u4e00\u7dd2\u306b\u30af\u30ea\u30a8\u30a4\u30c6\u30a3\u30d6\u306a\u4f5c\u54c1\u3092\u5275\u308a\u307e\u3057\u3087\u3046\uff01<\/p>\n","protected":false},"author":1,"featured_media":0,"parent":0,"menu_order":0,"comment_status":"closed","ping_status":"closed","template":"contact.php","meta":{"_acf_changed":false,"footnotes":""},"acf":[],"yoast_head":"<!-- This site is optimized with the Yoast SEO plugin v22.2 - https:\/\/yoast.com\/wordpress\/plugins\/seo\/ -->\n<title>ilusziona | Productora audiovisual Espa\u00f1a | V\u00eddeos corporativos<\/title>\n<meta name=\"description\" content=\"Productora audiovisual Espa\u00f1a. V\u00eddeo corporativo. Grabaciones de eventos. Empresa comunicaci\u00f3n. V\u00eddeo de empresa y Edici\u00f3n de v\u00eddeos\" \/>\n<meta name=\"robots\" content=\"index, follow, max-snippet:-1, max-image-preview:large, max-video-preview:-1\" \/>\n<link rel=\"canonical\" href=\"https:\/\/www.ilusziona.com\/contact\/\" \/>\n<meta property=\"og:locale\" content=\"ja_JP\" \/>\n<meta property=\"og:type\" content=\"article\" \/>\n<meta property=\"og:title\" content=\"ilusziona | Productora audiovisual Espa\u00f1a | V\u00eddeos corporativos\" \/>\n<meta property=\"og:description\" content=\"Productora audiovisual Espa\u00f1a. V\u00eddeo corporativo. Grabaciones de eventos. Empresa comunicaci\u00f3n. V\u00eddeo de empresa y Edici\u00f3n de v\u00eddeos\" \/>\n<meta property=\"og:url\" content=\"https:\/\/www.ilusziona.com\/contact\/\" \/>\n<meta property=\"og:site_name\" content=\"Empresa de audiovisuales Madrid - grabaci\u00f3n y edici\u00f3n v\u00eddeos corporativos y de eventos\" \/>\n<meta property=\"article:modified_time\" content=\"2020-05-14T13:47:34+00:00\" \/>\n<meta property=\"og:image\" content=\"https:\/\/www.zaask.es\/undefined\" \/>\n<meta name=\"twitter:card\" content=\"summary_large_image\" \/>\n<script type=\"application\/ld+json\" class=\"yoast-schema-graph\">{\"@context\":\"https:\/\/schema.org\",\"@graph\":[{\"@type\":\"WebPage\",\"@id\":\"https:\/\/www.ilusziona.com\/contact\/\",\"url\":\"https:\/\/www.ilusziona.com\/contact\/\",\"name\":\"ilusziona | Productora audiovisual Espa\u00f1a | V\u00eddeos corporativos\",\"isPartOf\":{\"@id\":\"https:\/\/www.ilusziona.com\/es\/#website\"},\"primaryImageOfPage\":{\"@id\":\"https:\/\/www.ilusziona.com\/contact\/#primaryimage\"},\"image\":{\"@id\":\"https:\/\/www.ilusziona.com\/contact\/#primaryimage\"},\"thumbnailUrl\":\"https:\/\/www.zaask.es\/undefined\",\"datePublished\":\"2018-02-12T16:58:27+00:00\",\"dateModified\":\"2020-05-14T13:47:34+00:00\",\"description\":\"Productora audiovisual Espa\u00f1a. V\u00eddeo corporativo. Grabaciones de eventos. Empresa comunicaci\u00f3n. V\u00eddeo de empresa y Edici\u00f3n de v\u00eddeos\",\"breadcrumb\":{\"@id\":\"https:\/\/www.ilusziona.com\/contact\/#breadcrumb\"},\"inLanguage\":\"ja\",\"potentialAction\":[{\"@type\":\"ReadAction\",\"target\":[\"https:\/\/www.ilusziona.com\/contact\/\"]}]},{\"@type\":\"ImageObject\",\"inLanguage\":\"ja\",\"@id\":\"https:\/\/www.ilusziona.com\/contact\/#primaryimage\",\"url\":\"https:\/\/www.zaask.es\/undefined\",\"contentUrl\":\"https:\/\/www.zaask.es\/undefined\"},{\"@type\":\"BreadcrumbList\",\"@id\":\"https:\/\/www.ilusziona.com\/contact\/#breadcrumb\",\"itemListElement\":[{\"@type\":\"ListItem\",\"position\":1,\"name\":\"Home\",\"item\":\"https:\/\/www.ilusziona.com\/es\/\"},{\"@type\":\"ListItem\",\"position\":2,\"name\":\"Contact\"}]},{\"@type\":\"WebSite\",\"@id\":\"https:\/\/www.ilusziona.com\/es\/#website\",\"url\":\"https:\/\/www.ilusziona.com\/es\/\",\"name\":\"Empresa de audiovisuales Madrid - grabaci\u00f3n y edici\u00f3n v\u00eddeos corporativos y de eventos\",\"description\":\"Productora audiovisual especializada en la realizaci\u00f3n de v\u00eddeos corporativos, institucionales, de eventos y spots web.\",\"potentialAction\":[{\"@type\":\"SearchAction\",\"target\":{\"@type\":\"EntryPoint\",\"urlTemplate\":\"https:\/\/www.ilusziona.com\/es\/?s={search_term_string}\"},\"query-input\":\"required name=search_term_string\"}],\"inLanguage\":\"ja\"}]}<\/script>\n<!-- \/ Yoast SEO plugin. -->","yoast_head_json":{"title":"ilusziona | Productora audiovisual Espa\u00f1a | V\u00eddeos corporativos","description":"Productora audiovisual Espa\u00f1a. V\u00eddeo corporativo. Grabaciones de eventos. Empresa comunicaci\u00f3n. V\u00eddeo de empresa y Edici\u00f3n de v\u00eddeos","robots":{"index":"index","follow":"follow","max-snippet":"max-snippet:-1","max-image-preview":"max-image-preview:large","max-video-preview":"max-video-preview:-1"},"canonical":"https:\/\/www.ilusziona.com\/contact\/","og_locale":"ja_JP","og_type":"article","og_title":"ilusziona | Productora audiovisual Espa\u00f1a | V\u00eddeos corporativos","og_description":"Productora audiovisual Espa\u00f1a. V\u00eddeo corporativo. Grabaciones de eventos. Empresa comunicaci\u00f3n. V\u00eddeo de empresa y Edici\u00f3n de v\u00eddeos","og_url":"https:\/\/www.ilusziona.com\/contact\/","og_site_name":"Empresa de audiovisuales Madrid - grabaci\u00f3n y edici\u00f3n v\u00eddeos corporativos y de eventos","article_modified_time":"2020-05-14T13:47:34+00:00","og_image":[{"url":"https:\/\/www.zaask.es\/undefined"}],"twitter_card":"summary_large_image","schema":{"@context":"https:\/\/schema.org","@graph":[{"@type":"WebPage","@id":"https:\/\/www.ilusziona.com\/contact\/","url":"https:\/\/www.ilusziona.com\/contact\/","name":"ilusziona | Productora audiovisual Espa\u00f1a | V\u00eddeos corporativos","isPartOf":{"@id":"https:\/\/www.ilusziona.com\/es\/#website"},"primaryImageOfPage":{"@id":"https:\/\/www.ilusziona.com\/contact\/#primaryimage"},"image":{"@id":"https:\/\/www.ilusziona.com\/contact\/#primaryimage"},"thumbnailUrl":"https:\/\/www.zaask.es\/undefined","datePublished":"2018-02-12T16:58:27+00:00","dateModified":"2020-05-14T13:47:34+00:00","description":"Productora audiovisual Espa\u00f1a. V\u00eddeo corporativo. Grabaciones de eventos. Empresa comunicaci\u00f3n. V\u00eddeo de empresa y Edici\u00f3n de v\u00eddeos","breadcrumb":{"@id":"https:\/\/www.ilusziona.com\/contact\/#breadcrumb"},"inLanguage":"ja","potentialAction":[{"@type":"ReadAction","target":["https:\/\/www.ilusziona.com\/contact\/"]}]},{"@type":"ImageObject","inLanguage":"ja","@id":"https:\/\/www.ilusziona.com\/contact\/#primaryimage","url":"https:\/\/www.zaask.es\/undefined","contentUrl":"https:\/\/www.zaask.es\/undefined"},{"@type":"BreadcrumbList","@id":"https:\/\/www.ilusziona.com\/contact\/#breadcrumb","itemListElement":[{"@type":"ListItem","position":1,"name":"Home","item":"https:\/\/www.ilusziona.com\/es\/"},{"@type":"ListItem","position":2,"name":"Contact"}]},{"@type":"WebSite","@id":"https:\/\/www.ilusziona.com\/es\/#website","url":"https:\/\/www.ilusziona.com\/es\/","name":"Empresa de audiovisuales Madrid - grabaci\u00f3n y edici\u00f3n v\u00eddeos corporativos y de eventos","description":"Productora audiovisual especializada en la realizaci\u00f3n de v\u00eddeos corporativos, institucionales, de eventos y spots web.","potentialAction":[{"@type":"SearchAction","target":{"@type":"EntryPoint","urlTemplate":"https:\/\/www.ilusziona.com\/es\/?s={search_term_string}"},"query-input":"required name=search_term_string"}],"inLanguage":"ja"}]}},"_links":{"self":[{"href":"https:\/\/www.ilusziona.com\/ja\/wp-json\/wp\/v2\/pages\/4"}],"collection":[{"href":"https:\/\/www.ilusziona.com\/ja\/wp-json\/wp\/v2\/pages"}],"about":[{"href":"https:\/\/www.ilusziona.com\/ja\/wp-json\/wp\/v2\/types\/page"}],"author":[{"embeddable":true,"href":"https:\/\/www.ilusziona.com\/ja\/wp-json\/wp\/v2\/users\/1"}],"replies":[{"embeddable":true,"href":"https:\/\/www.ilusziona.com\/ja\/wp-json\/wp\/v2\/comments?post=4"}],"version-history":[{"count":131,"href":"https:\/\/www.ilusziona.com\/ja\/wp-json\/wp\/v2\/pages\/4\/revisions"}],"predecessor-version":[{"id":1176,"href":"https:\/\/www.ilusziona.com\/ja\/wp-json\/wp\/v2\/pages\/4\/revisions\/1176"}],"wp:attachment":[{"href":"https:\/\/www.ilusziona.com\/ja\/wp-json\/wp\/v2\/media?parent=4"}],"curies":[{"name":"wp","href":"https:\/\/api.w.org\/{rel}","templated":true}]}}